{"id":11959,"date":"2023-10-27T21:32:22","date_gmt":"2023-10-27T19:32:22","guid":{"rendered":"https:\/\/www.wsti.pl\/wladze-uczelni\/"},"modified":"2025-03-10T15:00:40","modified_gmt":"2025-03-10T14:00:40","slug":"wladze-uczelni","status":"publish","type":"page","link":"https:\/\/www.wsti.pl\/en\/institute\/institute-authorities\/wladze-uczelni\/","title":{"rendered":"Institute authorities"},"content":{"rendered":"    <div class=\"treaser-miniatur-person  \">\n            <div class=\"container\">\n                <div class=\"row\">\n                    <div class=\"col-12\">\n                        <div class=\"treaser-miniatur-person__top\">\n                                                                                <\/div>\n                    <\/div>\n                <\/div>\n\n                <div class=\"row gap-box\">\n                                              \n                                <div class=\"col-12 col-sm-6 col-lg-4 col-xl-3\">       \n                                                                        <a  class=\"a-box\" href=\"https:\/\/www.wsti.pl\/en\/institute\/institute-authorities\/wladze-uczelni\/dr-marian-pawelczyk\/\" target=\"_self\">\n                                            <div class=\"treaser-miniatur-person__box\">\n                                                                                                                <img decoding=\"async\" class=\"treaser-miniatur-person__box__img\" src=\"https:\/\/www.wsti.pl\/wp-content\/uploads\/2023\/11\/rektor_M-Pawelczyk.jpg\" alt=\"\" \/>\n                                                                                                \n                                                <div class=\"treaser-miniatur-person__box__content  \">\n                                                                                                            <p class=\"text--2 text--bold\">Rector of the Katowice Institute of Information Technologies (WSTI)<\/p>\n                                                                                                                                                                <h5>PhD Marian Pawe\u0142czyk<\/h5>\n                                                    \n                                                                                                            <p class=\"text--2 text-content\">He studied physics at the Faculty of Mathematics, Physics and Chemistry of the University of Silesia in Katowice. He obtained his Ph.D. in physics there in 1987 based on the dissertation &#8216;Study of phase diagrams of ATN solid solutions&#8217;.<br \/>\r\n<\/p>\n                                                                                                        <div class=\"btn-person btn btn--ghost-dark btn--ico btn--ghost-dark--red-icon\">Find out more<svg width=\"24\" height=\"24\" viewBox=\"0 0 24 24\" fill=\"none\" xmlns=\"http:\/\/www.w3.org\/2000\/svg\">\n<g id=\"Icons\">\n<path id=\"Vector\" d=\"M13.1714 12.0007L8.22168 7.05093L9.63589 5.63672L15.9999 12.0007L9.63589 18.3646L8.22168 16.9504L13.1714 12.0007Z\" fill=\"white\"\/>\n<\/g>\n<\/svg>\n                                                    <\/div>\n                                                <\/div>\n                                            <\/div> \n                                        <\/a>\n                                                                    <\/div>\n                          \n                                <div class=\"col-12 col-sm-6 col-lg-4 col-xl-3\">       \n                                                                        <a  class=\"a-box\" href=\"https:\/\/www.wsti.pl\/en\/institute\/institute-authorities\/wladze-uczelni\/marek-maryniak-chancellor-of-wsti\/\" target=\"_self\">\n                                            <div class=\"treaser-miniatur-person__box\">\n                                                                                                                <img decoding=\"async\" class=\"treaser-miniatur-person__box__img\" src=\"https:\/\/www.wsti.pl\/wp-content\/uploads\/2023\/11\/dziekan-maryniak4.jpg\" alt=\"\" \/>\n                                                                                                \n                                                <div class=\"treaser-miniatur-person__box__content  \">\n                                                                                                            <p class=\"text--2 text--bold\">WSTI Chancellor<\/p>\n                                                                                                                                                                <h5>Marek Maryniak<\/h5>\n                                                    \n                                                                                                            <p class=\"text--2 text-content\">Chancellor of the Higher School of Information Technology in Katowice and Dean of the Faculty of Computer Science of the Higher School of Information Technology in Katowice since 2004.<br \/>\r\n<br \/>\r\n<\/p>\n                                                                                                        <div class=\"btn-person btn btn--ghost-dark btn--ico btn--ghost-dark--red-icon\">Find out more<svg width=\"24\" height=\"24\" viewBox=\"0 0 24 24\" fill=\"none\" xmlns=\"http:\/\/www.w3.org\/2000\/svg\">\n<g id=\"Icons\">\n<path id=\"Vector\" d=\"M13.1714 12.0007L8.22168 7.05093L9.63589 5.63672L15.9999 12.0007L9.63589 18.3646L8.22168 16.9504L13.1714 12.0007Z\" fill=\"white\"\/>\n<\/g>\n<\/svg>\n                                                    <\/div>\n                                                <\/div>\n                                            <\/div> \n                                        <\/a>\n                                                                    <\/div>\n                          \n                                <div class=\"col-12 col-sm-6 col-lg-4 col-xl-3\">       \n                                                                        <a  class=\"a-box\" href=\"https:\/\/www.wsti.pl\/en\/institute\/institute-authorities\/wladze-uczelni\/dr-jadwiga-bakonyi\/\" target=\"_self\">\n                                            <div class=\"treaser-miniatur-person__box\">\n                                                                                                                <img decoding=\"async\" class=\"treaser-miniatur-person__box__img\" src=\"https:\/\/www.wsti.pl\/wp-content\/uploads\/2023\/11\/Jadwiga_Bakonyi.jpg\" alt=\"\" \/>\n                                                                                                \n                                                <div class=\"treaser-miniatur-person__box__content  \">\n                                                                                                            <p class=\"text--2 text--bold\">Plenipotentiary for the quality of education duty<\/p>\n                                                                                                                                                                <h5>PhD Jadwiga Bakonyi<\/h5>\n                                                    \n                                                                                                            <p class=\"text--2 text-content\">She obtained her Ph.D. in economics at the Faculty of Management at the University of Economics in Katowice. She graduated from the Faculty of Technology at the University of Silesia. Since 2006 she has been associated with the University of Information Technology in Katowice.<\/p>\n                                                                                                        <div class=\"btn-person btn btn--ghost-dark btn--ico btn--ghost-dark--red-icon\">Find out more<svg width=\"24\" height=\"24\" viewBox=\"0 0 24 24\" fill=\"none\" xmlns=\"http:\/\/www.w3.org\/2000\/svg\">\n<g id=\"Icons\">\n<path id=\"Vector\" d=\"M13.1714 12.0007L8.22168 7.05093L9.63589 5.63672L15.9999 12.0007L9.63589 18.3646L8.22168 16.9504L13.1714 12.0007Z\" fill=\"white\"\/>\n<\/g>\n<\/svg>\n                                                    <\/div>\n                                                <\/div>\n                                            <\/div> \n                                        <\/a>\n                                                                    <\/div>\n                          \n                                <div class=\"col-12 col-sm-6 col-lg-4 col-xl-3\">       \n                                                                        <a  class=\"a-box\" href=\"https:\/\/www.wsti.pl\/en\/institute\/institute-authorities\/wladze-uczelni\/assistant-of-institute-authorities\/\" target=\"_self\">\n                                            <div class=\"treaser-miniatur-person__box\">\n                                                                                                                <img decoding=\"async\" class=\"treaser-miniatur-person__box__img\" src=\"https:\/\/www.wsti.pl\/wp-content\/uploads\/2023\/10\/OIG.jpeg\" alt=\"\" \/>\n                                                                                                \n                                                <div class=\"treaser-miniatur-person__box__content  \">\n                                                                                                            <p class=\"text--2 text--bold\">Assistant of Institute authorities<\/p>\n                                                                                                                                                                <h5>Judyta G\u00f3\u017ad\u017a<\/h5>\n                                                    \n                                                                                                            <p class=\"text--2 text-content\">Persons wishing to make an appointment with the Rector, Dean or Chancellor are asked to contact the Assistant of Institute authorities by phone or email.<\/p>\n                                                                                                        <div class=\"btn-person btn btn--ghost-dark btn--ico btn--ghost-dark--red-icon\">Find out more<svg width=\"24\" height=\"24\" viewBox=\"0 0 24 24\" fill=\"none\" xmlns=\"http:\/\/www.w3.org\/2000\/svg\">\n<g id=\"Icons\">\n<path id=\"Vector\" d=\"M13.1714 12.0007L8.22168 7.05093L9.63589 5.63672L15.9999 12.0007L9.63589 18.3646L8.22168 16.9504L13.1714 12.0007Z\" fill=\"white\"\/>\n<\/g>\n<\/svg>\n                                                    <\/div>\n                                                <\/div>\n                                            <\/div> \n                                        <\/a>\n                                                                    <\/div>\n                                                            <\/div>\n            <\/div>\n    <\/div>\n\n\n\n\n\n\n","protected":false},"excerpt":{"rendered":"","protected":false},"author":9,"featured_media":0,"parent":12000,"menu_order":0,"comment_status":"closed","ping_status":"closed","template":"","meta":{"_acf_changed":false,"footnotes":""},"class_list":["post-11959","page","type-page","status-publish","hentry"],"acf":{"alert_on":false,"alert_filter_tag_select":false,"alert_filter_by_tag":[],"modalComunicatHeader_blog":"","modalComunicatHeader_link":null},"yoast_head":"<!-- This site is optimized with the Yoast SEO plugin v27.2 - https:\/\/yoast.com\/product\/yoast-seo-wordpress\/ -->\n<title>Institute authorities - WSTI<\/title>\n<meta name=\"robots\" content=\"index, follow, max-snippet:-1, max-image-preview:large, max-video-preview:-1\" \/>\n<link rel=\"canonical\" href=\"https:\/\/www.wsti.pl\/en\/institute\/institute-authorities\/wladze-uczelni\/\" \/>\n<meta property=\"og:locale\" content=\"en_US\" \/>\n<meta property=\"og:type\" content=\"article\" \/>\n<meta property=\"og:title\" content=\"Institute authorities - WSTI\" \/>\n<meta property=\"og:url\" content=\"https:\/\/www.wsti.pl\/en\/institute\/institute-authorities\/wladze-uczelni\/\" \/>\n<meta property=\"og:site_name\" content=\"WSTI\" \/>\n<meta property=\"article:modified_time\" content=\"2025-03-10T14:00:40+00:00\" \/>\n<meta name=\"twitter:card\" content=\"summary_large_image\" \/>\n<script type=\"application\/ld+json\" class=\"yoast-schema-graph\">{\"@context\":\"https:\/\/schema.org\",\"@graph\":[{\"@type\":\"WebPage\",\"@id\":\"https:\/\/www.wsti.pl\/en\/institute\/institute-authorities\/wladze-uczelni\/\",\"url\":\"https:\/\/www.wsti.pl\/en\/institute\/institute-authorities\/wladze-uczelni\/\",\"name\":\"Institute authorities - WSTI\",\"isPartOf\":{\"@id\":\"https:\/\/www.wsti.pl\/#website\"},\"datePublished\":\"2023-10-27T19:32:22+00:00\",\"dateModified\":\"2025-03-10T14:00:40+00:00\",\"breadcrumb\":{\"@id\":\"https:\/\/www.wsti.pl\/en\/institute\/institute-authorities\/wladze-uczelni\/#breadcrumb\"},\"inLanguage\":\"en-US\",\"potentialAction\":[{\"@type\":\"ReadAction\",\"target\":[\"https:\/\/www.wsti.pl\/en\/institute\/institute-authorities\/wladze-uczelni\/\"]}]},{\"@type\":\"BreadcrumbList\",\"@id\":\"https:\/\/www.wsti.pl\/en\/institute\/institute-authorities\/wladze-uczelni\/#breadcrumb\",\"itemListElement\":[{\"@type\":\"ListItem\",\"position\":1,\"name\":\"Strona g\u0142\u00f3wna\",\"item\":\"https:\/\/www.wsti.pl\/en\/\"},{\"@type\":\"ListItem\",\"position\":2,\"name\":\"Institute\",\"item\":\"https:\/\/www.wsti.pl\/uczelnia\/\"},{\"@type\":\"ListItem\",\"position\":3,\"name\":\"Institute authorities\",\"item\":\"https:\/\/www.wsti.pl\/uczelnia\/wladze-uczelni\/\"},{\"@type\":\"ListItem\",\"position\":4,\"name\":\"Institute authorities\"}]},{\"@type\":\"WebSite\",\"@id\":\"https:\/\/www.wsti.pl\/#website\",\"url\":\"https:\/\/www.wsti.pl\/\",\"name\":\"WSTI\",\"description\":\"Wy\u017csza Szko\u0142a Technologii Informatycznych w Katowicach\",\"potentialAction\":[{\"@type\":\"SearchAction\",\"target\":{\"@type\":\"EntryPoint\",\"urlTemplate\":\"https:\/\/www.wsti.pl\/?s={search_term_string}\"},\"query-input\":{\"@type\":\"PropertyValueSpecification\",\"valueRequired\":true,\"valueName\":\"search_term_string\"}}],\"inLanguage\":\"en-US\"}]}<\/script>\n<!-- \/ Yoast SEO plugin. -->","yoast_head_json":{"title":"Institute authorities - WSTI","robots":{"index":"index","follow":"follow","max-snippet":"max-snippet:-1","max-image-preview":"max-image-preview:large","max-video-preview":"max-video-preview:-1"},"canonical":"https:\/\/www.wsti.pl\/en\/institute\/institute-authorities\/wladze-uczelni\/","og_locale":"en_US","og_type":"article","og_title":"Institute authorities - WSTI","og_url":"https:\/\/www.wsti.pl\/en\/institute\/institute-authorities\/wladze-uczelni\/","og_site_name":"WSTI","article_modified_time":"2025-03-10T14:00:40+00:00","twitter_card":"summary_large_image","schema":{"@context":"https:\/\/schema.org","@graph":[{"@type":"WebPage","@id":"https:\/\/www.wsti.pl\/en\/institute\/institute-authorities\/wladze-uczelni\/","url":"https:\/\/www.wsti.pl\/en\/institute\/institute-authorities\/wladze-uczelni\/","name":"Institute authorities - WSTI","isPartOf":{"@id":"https:\/\/www.wsti.pl\/#website"},"datePublished":"2023-10-27T19:32:22+00:00","dateModified":"2025-03-10T14:00:40+00:00","breadcrumb":{"@id":"https:\/\/www.wsti.pl\/en\/institute\/institute-authorities\/wladze-uczelni\/#breadcrumb"},"inLanguage":"en-US","potentialAction":[{"@type":"ReadAction","target":["https:\/\/www.wsti.pl\/en\/institute\/institute-authorities\/wladze-uczelni\/"]}]},{"@type":"BreadcrumbList","@id":"https:\/\/www.wsti.pl\/en\/institute\/institute-authorities\/wladze-uczelni\/#breadcrumb","itemListElement":[{"@type":"ListItem","position":1,"name":"Strona g\u0142\u00f3wna","item":"https:\/\/www.wsti.pl\/en\/"},{"@type":"ListItem","position":2,"name":"Institute","item":"https:\/\/www.wsti.pl\/uczelnia\/"},{"@type":"ListItem","position":3,"name":"Institute authorities","item":"https:\/\/www.wsti.pl\/uczelnia\/wladze-uczelni\/"},{"@type":"ListItem","position":4,"name":"Institute authorities"}]},{"@type":"WebSite","@id":"https:\/\/www.wsti.pl\/#website","url":"https:\/\/www.wsti.pl\/","name":"WSTI","description":"Wy\u017csza Szko\u0142a Technologii Informatycznych w Katowicach","potentialAction":[{"@type":"SearchAction","target":{"@type":"EntryPoint","urlTemplate":"https:\/\/www.wsti.pl\/?s={search_term_string}"},"query-input":{"@type":"PropertyValueSpecification","valueRequired":true,"valueName":"search_term_string"}}],"inLanguage":"en-US"}]}},"_links":{"self":[{"href":"https:\/\/www.wsti.pl\/en\/wp-json\/wp\/v2\/pages\/11959","targetHints":{"allow":["GET"]}}],"collection":[{"href":"https:\/\/www.wsti.pl\/en\/wp-json\/wp\/v2\/pages"}],"about":[{"href":"https:\/\/www.wsti.pl\/en\/wp-json\/wp\/v2\/types\/page"}],"author":[{"embeddable":true,"href":"https:\/\/www.wsti.pl\/en\/wp-json\/wp\/v2\/users\/9"}],"replies":[{"embeddable":true,"href":"https:\/\/www.wsti.pl\/en\/wp-json\/wp\/v2\/comments?post=11959"}],"version-history":[{"count":31,"href":"https:\/\/www.wsti.pl\/en\/wp-json\/wp\/v2\/pages\/11959\/revisions"}],"predecessor-version":[{"id":29835,"href":"https:\/\/www.wsti.pl\/en\/wp-json\/wp\/v2\/pages\/11959\/revisions\/29835"}],"up":[{"embeddable":true,"href":"https:\/\/www.wsti.pl\/en\/wp-json\/wp\/v2\/pages\/12000"}],"wp:attachment":[{"href":"https:\/\/www.wsti.pl\/en\/wp-json\/wp\/v2\/media?parent=11959"}],"curies":[{"name":"wp","href":"https:\/\/api.w.org\/{rel}","templated":true}]}}