{"id":13366,"date":"2023-10-27T15:36:13","date_gmt":"2023-10-27T13:36:13","guid":{"rendered":"https:\/\/www.wsti.pl\/privacy-policy\/"},"modified":"2023-12-04T23:46:37","modified_gmt":"2023-12-04T22:46:37","slug":"privacy-policy","status":"publish","type":"page","link":"https:\/\/www.wsti.pl\/en\/privacy-policy\/","title":{"rendered":"Privacy policy"},"content":{"rendered":"<section class=\"textBlock textBlock--0 \">\n    <div class=\"tbc\">\n        <div class=\"container\">\n            <div class=\"row\">\n                                    <div class=\"col-12\">\n                                                                                                    <div class=\"text text--2 color--neutral-black tbc__desc\"><p><strong>Zgodnie z\u00a0Rozporz\u0105dzeniem Parlamentu Europejskiego i\u00a0Rady (UE) 2016\/679 z\u00a027 kwietnia 2016 r. w\u00a0sprawie ochrony os\u00f3b fizycznych w\u00a0zwi\u0105zku z\u00a0przetwarzaniem danych osobowych i\u00a0w sprawie swobodnego przep\u0142ywu takich danych oraz uchylenia dyrektywy 95\/46\/WE (og\u00f3lne rozporz\u0105dzenie o\u00a0ochronie danych) informujemy, i\u017c:<\/strong><\/p>\n<p>&nbsp;<\/p>\n<p>&nbsp;<\/p>\n<p style=\"text-align: center;\"><strong>I. ADMINISTRATOR DANYCH<\/strong><\/p>\n<p>Administratorem Pani\/Pana danych osobowych jest<strong>\u00a0Wy\u017csza Szko\u0142a Technologii Informatycznych w\u00a0Katowicach, ul. Mickiewicza 29, 40-085 Katowice<\/strong>.<\/p>\n<p>&nbsp;<\/p>\n<p style=\"text-align: center;\"><strong>II. INSPEKTOR OCHRONY DANYCH<\/strong><\/p>\n<p>Administrator wyznaczy\u0142 Inspektora Ochrony Danych, z\u00a0kt\u00f3rym mo\u017ce si\u0119 Pani\/Pan skontaktowa\u0107 w\u00a0sprawach zwi\u0105zanych z\u00a0ochron\u0105 danych osobowych, w\u00a0nast\u0119puj\u0105cy spos\u00f3b:<\/p>\n<ol>\n<li>e-mail:\u00a0<span id=\"cloakad99b881cd049146b532f47fd9c762c8\"><a href=\"mailto:iod@wsti.pl\">iod@wsti.pl<\/a><\/span><\/li>\n<li>pisemnie na adres siedziby Administratora<\/li>\n<\/ol>\n<p>&nbsp;<\/p>\n<p style=\"text-align: center;\"><strong>III. CELE PRZETWARZANIA DANYCH OSOBOWYCH I\u00a0PODSTAWA PRAWNA<\/strong><\/p>\n<ol>\n<li>Pani\/Pana dane przetwarzane b\u0119d\u0105 w\u00a0zwi\u0105zku z\u00a0realizacj\u0105 zada\u0144 w\u0142asnych b\u0105d\u017a zleconych okre\u015blonych przepisami prawa, w\u00a0celu realizacji przys\u0142uguj\u0105cych uprawnie\u0144, b\u0105d\u017a spe\u0142nienia przez\u00a0<strong>Wy\u017csz\u0105 Szko\u0142\u0119 Technologii Informatycznych\u00a0w\u00a0Katowicach<\/strong>\u00a0obowi\u0105zk\u00f3w okre\u015blonych przepisami prawa albo jest niezb\u0119dne do wykonania zadania realizowanego w\u00a0interesie publicznym lub w\u00a0ramach sprawowania w\u0142adzy publicznej.<\/li>\n<li>Przetwarzanie mo\u017ce by\u0107 r\u00f3wnie\u017c niezb\u0119dne w\u00a0celu wykonania umowy, kt\u00f3rej Pan\/Pani jest stron\u0105 lub do podj\u0119cia dzia\u0142a\u0144, na Pani\/Pana \u017c\u0105danie, przed zawarciem umowy.<\/li>\n<li>Mog\u0105 r\u00f3wnie\u017c wyst\u0105pi\u0107 przypadki, w\u00a0kt\u00f3rych zostanie Pan\/Pani poproszony\/a o\u00a0wyra\u017cenie zgody na przetwarzanie danych osobowych w\u00a0okre\u015blonym celu i\u00a0zakresie.<\/li>\n<\/ol>\n<p>&nbsp;<\/p>\n<p style=\"text-align: center;\"><strong>IV. ODBIORCY DANYCH OSOBOWYCH<\/strong><\/p>\n<p>W zwi\u0105zku z\u00a0przetwarzaniem danych w\u00a0celu wynikaj\u0105cym z\u00a0przepis\u00f3w prawa, dane osobowe nie b\u0119d\u0105 podlega\u0142y udost\u0119pnieniu podmiotom trzecim. Odbiorcami danych b\u0119d\u0105 tylko instytucje upowa\u017cnione z\u00a0mocy prawa.<\/p>\n<p>&nbsp;<\/p>\n<p style=\"text-align: center;\"><strong>V. OKRES PRZECHOWYWANIA DANYCH OSOBOWYCH<\/strong><\/p>\n<p>Dane osobowe przetwarzane przez\u00a0<strong>Wy\u017csz\u0105 Szko\u0142\u0119 Technologii Informatycznych\u00a0w\u00a0Katowicach<\/strong>\u00a0przechowywane b\u0119d\u0105 przez okres niezb\u0119dny do realizacji celu dla jakiego zosta\u0142y zebrane oraz zgodnie z\u00a0terminami archiwizacji okre\u015blonymi przez ustawy kompetencyjne lub ustaw\u0119 z\u00a0dnia 14 lipca 1983 r. o\u00a0narodowym zasobie archiwalnym i\u00a0archiwach (Dz. U. z\u00a02018 r., poz. 217), w\u00a0tym Rozporz\u0105dzenie Prezesa Rady Ministr\u00f3w z\u00a0dnia 18 stycznia 2011 r. w\u00a0sprawie instrukcji kancelaryjnej, jednolitych rzeczowych wykaz\u00f3w akt oraz instrukcji w\u00a0sprawie organizacji i\u00a0zakresu dzia\u0142ania archiw\u00f3w zak\u0142adowych.<\/p>\n<p>&nbsp;<\/p>\n<p style=\"text-align: center;\"><strong>VI. PRAWA OS\u00d3B, KT\u00d3RYCH DANE DOTYCZ\u0104, DOST\u0118PU DO DANYCH OSOBOWYCH<\/strong><\/p>\n<p>Na zasadach okre\u015blonych przepisami RODO, posiada Pani\/Pan prawo do \u017c\u0105dania od administratora:<\/p>\n<ol>\n<li>dost\u0119pu do tre\u015bci swoich danych osobowych,<\/li>\n<li>sprostowania (poprawiania) swoich danych osobowych,<\/li>\n<li>usuni\u0119cia swoich danych osobowych,<\/li>\n<li>ograniczenia przetwarzania swoich danych osobowych,<\/li>\n<li>przenoszenia swoich danych osobowych,<\/li>\n<li>prawo do wniesienia sprzeciwu wobec przetwarzania Pani\/Pana danych.<\/li>\n<\/ol>\n<p>&nbsp;<\/p>\n<p style=\"text-align: center;\"><strong>VII. PRAWO DO COFNI\u0118CIA ZGODY<\/strong><\/p>\n<ol>\n<li>Tam, gdzie do przetwarzania danych osobowych konieczne jest wyra\u017cenie zgody, zawsze ma Pan\/Pani prawo nie wyrazi\u0107 zgody, a\u00a0w przypadku jej wcze\u015bniejszego wyra\u017cenia, do cofni\u0119cia zgody.<\/li>\n<li>Wycofanie zgody nie ma wp\u0142ywu na przetwarzanie Pani\/Pana danych do momentu jej wycofania.<\/li>\n<\/ol>\n<p>&nbsp;<\/p>\n<p style=\"text-align: center;\"><strong>VIII. PRAWO WNIESIENIA SKARGI DO ORGANU NADZORCZEGO<\/strong><\/p>\n<p>Gdy uzna Pani\/Pan, i\u017c przetwarzanie Pani\/Pana danych osobowych narusza przepisy o\u00a0ochronie danych osobowych, przys\u0142uguje Pani\/Panu prawo do wniesienia skargi do organu nadzorczego \u2013 Prezesa Urz\u0119du Ochrony Danych Osobowych.<\/p>\n<p>&nbsp;<\/p>\n<p style=\"text-align: center;\"><strong>IX. INFORMACJA O WYMOGU\/DOBROWOLNO\u015aCI PODANIA DANYCH<br \/>\n<\/strong><strong>ORAZ KONSEKWENCJACH NIEPODANIA DANYCH OSOBOWYCH<\/strong><\/p>\n<ol>\n<li>Podanie przez Pani\u0105\/Pana danych osobowych mo\u017ce by\u0107 wymogiem: ustawowym, umownym lub warunkiem zawarcia umowy, do kt\u00f3rych podania b\u0119dzie Pani\/Pan zobowi\u0105zana\/y.<\/li>\n<li>W przypadku, gdy b\u0119dzie istnia\u0142 obowi\u0105zek ustawowy, a\u00a0nie poda Pani\/Pan swoich danych, nie b\u0119dziemy mogli zrealizowa\u0107 zadania ustawowego, co mo\u017ce skutkowa\u0107 konsekwencjami przewidzianymi przepisami prawa.<\/li>\n<li>W przypadku, gdy b\u0119dzie istnia\u0142 wym\u00f3g umowny, a\u00a0nie poda Pani\/Pan swoich danych, nie b\u0119dziemy mogli wykona\u0107 takiej umowy.<\/li>\n<li>W przypadku, kiedy podanie danych b\u0119dzie warunkiem zawarcia umowy, a\u00a0nie poda Pani\/Pan swoich danych, nie b\u0119dziemy mogli zawrze\u0107 takiej umowy.<\/li>\n<\/ol>\n<p>&nbsp;<\/p>\n<p style=\"text-align: center;\"><strong>X. ZAUTOMATYZOWANE PODEJMOWANIE DECYZJI, PROFILOWANIE<\/strong><\/p>\n<p>Pani\/Pana dane osobowe nie b\u0119d\u0105 przetwarzane w\u00a0spos\u00f3b zautomatyzowany i\u00a0nie b\u0119d\u0105 profilowane.<\/p>\n<\/div>                                                                    <\/div>\n                                                                                                            <\/div>\n        <\/div>\n    <\/div>\n<\/section>\n","protected":false},"excerpt":{"rendered":"","protected":false},"author":4,"featured_media":0,"parent":0,"menu_order":16,"comment_status":"closed","ping_status":"closed","template":"","meta":{"_acf_changed":false,"footnotes":""},"class_list":["post-13366","page","type-page","status-publish","hentry"],"acf":{"alert_on":false,"alert_filter_tag_select":false,"alert_filter_by_tag":[],"modalComunicatHeader_blog":"","modalComunicatHeader_link":null},"yoast_head":"<!-- This site is optimized with the Yoast SEO plugin v27.2 - https:\/\/yoast.com\/product\/yoast-seo-wordpress\/ -->\n<title>Privacy policy - WSTI<\/title>\n<meta name=\"robots\" content=\"index, follow, max-snippet:-1, max-image-preview:large, max-video-preview:-1\" \/>\n<link rel=\"canonical\" href=\"https:\/\/www.wsti.pl\/polityka-prywatnosci\/\" \/>\n<meta property=\"og:locale\" content=\"en_US\" \/>\n<meta property=\"og:type\" content=\"article\" \/>\n<meta property=\"og:title\" content=\"Privacy policy - WSTI\" \/>\n<meta property=\"og:url\" content=\"https:\/\/www.wsti.pl\/polityka-prywatnosci\/\" \/>\n<meta property=\"og:site_name\" content=\"WSTI\" \/>\n<meta property=\"article:modified_time\" content=\"2023-12-04T22:46:37+00:00\" \/>\n<meta name=\"twitter:card\" content=\"summary_large_image\" \/>\n<script type=\"application\/ld+json\" class=\"yoast-schema-graph\">{\"@context\":\"https:\/\/schema.org\",\"@graph\":[{\"@type\":\"WebPage\",\"@id\":\"https:\/\/www.wsti.pl\/polityka-prywatnosci\/\",\"url\":\"https:\/\/www.wsti.pl\/polityka-prywatnosci\/\",\"name\":\"Privacy policy - WSTI\",\"isPartOf\":{\"@id\":\"https:\/\/www.wsti.pl\/#website\"},\"datePublished\":\"2023-10-27T13:36:13+00:00\",\"dateModified\":\"2023-12-04T22:46:37+00:00\",\"breadcrumb\":{\"@id\":\"https:\/\/www.wsti.pl\/polityka-prywatnosci\/#breadcrumb\"},\"inLanguage\":\"en-US\",\"potentialAction\":[{\"@type\":\"ReadAction\",\"target\":[\"https:\/\/www.wsti.pl\/polityka-prywatnosci\/\"]}]},{\"@type\":\"BreadcrumbList\",\"@id\":\"https:\/\/www.wsti.pl\/polityka-prywatnosci\/#breadcrumb\",\"itemListElement\":[{\"@type\":\"ListItem\",\"position\":1,\"name\":\"Strona g\u0142\u00f3wna\",\"item\":\"https:\/\/www.wsti.pl\/en\/\"},{\"@type\":\"ListItem\",\"position\":2,\"name\":\"Privacy policy\"}]},{\"@type\":\"WebSite\",\"@id\":\"https:\/\/www.wsti.pl\/#website\",\"url\":\"https:\/\/www.wsti.pl\/\",\"name\":\"WSTI\",\"description\":\"Wy\u017csza Szko\u0142a Technologii Informatycznych w Katowicach\",\"potentialAction\":[{\"@type\":\"SearchAction\",\"target\":{\"@type\":\"EntryPoint\",\"urlTemplate\":\"https:\/\/www.wsti.pl\/?s={search_term_string}\"},\"query-input\":{\"@type\":\"PropertyValueSpecification\",\"valueRequired\":true,\"valueName\":\"search_term_string\"}}],\"inLanguage\":\"en-US\"}]}<\/script>\n<!-- \/ Yoast SEO plugin. -->","yoast_head_json":{"title":"Privacy policy - WSTI","robots":{"index":"index","follow":"follow","max-snippet":"max-snippet:-1","max-image-preview":"max-image-preview:large","max-video-preview":"max-video-preview:-1"},"canonical":"https:\/\/www.wsti.pl\/polityka-prywatnosci\/","og_locale":"en_US","og_type":"article","og_title":"Privacy policy - WSTI","og_url":"https:\/\/www.wsti.pl\/polityka-prywatnosci\/","og_site_name":"WSTI","article_modified_time":"2023-12-04T22:46:37+00:00","twitter_card":"summary_large_image","schema":{"@context":"https:\/\/schema.org","@graph":[{"@type":"WebPage","@id":"https:\/\/www.wsti.pl\/polityka-prywatnosci\/","url":"https:\/\/www.wsti.pl\/polityka-prywatnosci\/","name":"Privacy policy - WSTI","isPartOf":{"@id":"https:\/\/www.wsti.pl\/#website"},"datePublished":"2023-10-27T13:36:13+00:00","dateModified":"2023-12-04T22:46:37+00:00","breadcrumb":{"@id":"https:\/\/www.wsti.pl\/polityka-prywatnosci\/#breadcrumb"},"inLanguage":"en-US","potentialAction":[{"@type":"ReadAction","target":["https:\/\/www.wsti.pl\/polityka-prywatnosci\/"]}]},{"@type":"BreadcrumbList","@id":"https:\/\/www.wsti.pl\/polityka-prywatnosci\/#breadcrumb","itemListElement":[{"@type":"ListItem","position":1,"name":"Strona g\u0142\u00f3wna","item":"https:\/\/www.wsti.pl\/en\/"},{"@type":"ListItem","position":2,"name":"Privacy policy"}]},{"@type":"WebSite","@id":"https:\/\/www.wsti.pl\/#website","url":"https:\/\/www.wsti.pl\/","name":"WSTI","description":"Wy\u017csza Szko\u0142a Technologii Informatycznych w Katowicach","potentialAction":[{"@type":"SearchAction","target":{"@type":"EntryPoint","urlTemplate":"https:\/\/www.wsti.pl\/?s={search_term_string}"},"query-input":{"@type":"PropertyValueSpecification","valueRequired":true,"valueName":"search_term_string"}}],"inLanguage":"en-US"}]}},"_links":{"self":[{"href":"https:\/\/www.wsti.pl\/en\/wp-json\/wp\/v2\/pages\/13366","targetHints":{"allow":["GET"]}}],"collection":[{"href":"https:\/\/www.wsti.pl\/en\/wp-json\/wp\/v2\/pages"}],"about":[{"href":"https:\/\/www.wsti.pl\/en\/wp-json\/wp\/v2\/types\/page"}],"author":[{"embeddable":true,"href":"https:\/\/www.wsti.pl\/en\/wp-json\/wp\/v2\/users\/4"}],"replies":[{"embeddable":true,"href":"https:\/\/www.wsti.pl\/en\/wp-json\/wp\/v2\/comments?post=13366"}],"version-history":[{"count":3,"href":"https:\/\/www.wsti.pl\/en\/wp-json\/wp\/v2\/pages\/13366\/revisions"}],"predecessor-version":[{"id":15340,"href":"https:\/\/www.wsti.pl\/en\/wp-json\/wp\/v2\/pages\/13366\/revisions\/15340"}],"wp:attachment":[{"href":"https:\/\/www.wsti.pl\/en\/wp-json\/wp\/v2\/media?parent=13366"}],"curies":[{"name":"wp","href":"https:\/\/api.w.org\/{rel}","templated":true}]}}